{"id":258,"date":"2021-08-18T01:03:04","date_gmt":"2021-08-17T23:03:04","guid":{"rendered":"https:\/\/experten-liste.de\/start\/?page_id=258"},"modified":"2021-08-21T13:39:45","modified_gmt":"2021-08-21T11:39:45","slug":"3-2-expertenprofil-mit-empfehlungscode-aktivieren-kostenlos","status":"publish","type":"page","link":"https:\/\/experten-liste.de\/start\/3-2-expertenprofil-mit-empfehlungscode-aktivieren-kostenlos\/","title":{"rendered":"[3.2] Expertenprofil mit Empfehlungscode aktivieren &#8211; kostenlos"},"content":{"rendered":"<h4>Expertenprofil mit Empfehlungscode aktivieren<\/h4>\n<p>&nbsp;<\/p>\n<p><a href=\"https:\/\/experten-liste.de\/start\/eintragen\/\"><img decoding=\"async\" loading=\"lazy\" class=\"alignnone\" src=\"https:\/\/technik-netzwerk.de\/fileserver-zentrale\/www-experten-liste-de\/fileserver-experten-liste-de\/3-2_expertenprofil-kostenlos800px.jpg\" alt=\"\" width=\"598\" height=\"174\" \/><\/a><\/p>\n<p>&nbsp;<\/p>\n<p><strong>F\u00fcr die KOSTENLOSE Aktivierung des Expertenprofils ben\u00f6tigen Sie einen g\u00fcltigen Empfehlungscode*<\/strong><\/p>\n<p>* Diesen Empfehlungscode k\u00f6nnen Sie bei einem f\u00fcr die jeweilige Branche qualifizierten Fachverband anfordern.<\/p>\n<p>&nbsp;<\/p>\n<blockquote>\n<p style=\"text-align: right;\"><span style=\"color: #ffffff;\">_<\/span><\/p>\n<div class=\"caldera-grid\" id=\"caldera_form_1\" data-cf-ver=\"1.9.7\" data-cf-form-id=\"CF60e06b8002dd5\"><div id=\"caldera_notices_1\" data-spinner=\"https:\/\/experten-liste.de\/start\/wp-admin\/images\/spinner.gif\"><\/div><form data-instance=\"1\" class=\"CF60e06b8002dd5 caldera_forms_form\" method=\"POST\" enctype=\"multipart\/form-data\" id=\"CF60e06b8002dd5_1\" data-form-id=\"CF60e06b8002dd5\" aria-label=\"LOGIN-FIRST-STEP\">\r\n<input type=\"hidden\" id=\"_cf_verify_CF60e06b8002dd5\" name=\"_cf_verify\" value=\"e7b0320c5c\"  data-nonce-time=\"1777135506\" \/><input type=\"hidden\" name=\"_wp_http_referer\" value=\"\/start\/wp-json\/wp\/v2\/pages\/258\" \/><div id=\"cf2-CF60e06b8002dd5_1\"><\/div><input type=\"hidden\" name=\"_cf_frm_id\" value=\"CF60e06b8002dd5\">\r\n<input type=\"hidden\" name=\"_cf_frm_ct\" value=\"1\">\r\n<input type=\"hidden\" name=\"_cf_cr_pst\" value=\"258\">\r\n<div class=\"hide\" style=\"display:none; overflow:hidden;height:0;width:0;\">\r\n<label>Company<\/label><input type=\"text\" name=\"company\" value=\"\" autocomplete=\"off\">\r\n<\/div><div id=\"CF60e06b8002dd5_1-row-1\"  class=\"row  first_row\"><div  class=\"col-sm-12  single\"><\/div><\/div><div id=\"CF60e06b8002dd5_1-row-2\"  class=\"row \"><div  class=\"col-sm-12  single\"><hr id=\"fld_2535567_1\" class=\"\" style=\"width: 100%\" \/><\/div><\/div><div id=\"CF60e06b8002dd5_1-row-3\"  class=\"row \"><div  class=\"col-sm-12  single\"><\/div><\/div><div id=\"CF60e06b8002dd5_1-row-4\"  class=\"row \"><div  class=\"col-sm-12  single\"><div data-field-wrapper=\"fld_6066959\" class=\"form-group\" id=\"fld_6066959_1-wrap\">\r\n\t<label id=\"fld_6066959Label\" for=\"fld_6066959_1\" class=\"control-label\">LOGIN-CODE-2021 <span aria-hidden=\"true\" role=\"presentation\" class=\"field_required\" style=\"color:#ee0000;\">*<\/span><\/label>\r\n\t<div class=\"\">\r\n\t\t<input   required type=\"text\" data-field=\"fld_6066959\" class=\" form-control\" id=\"fld_6066959_1\" name=\"fld_6066959\" value=\"\" data-type=\"text\" aria-required=\"true\"   aria-labelledby=\"fld_6066959Label\" >\t\t\t<\/div>\r\n<\/div>\r\n<div data-field-wrapper=\"fld_4024107\" class=\"form-group\" id=\"fld_4024107_1-wrap\">\r\n\t<label id=\"fld_4024107Label\" for=\"fld_4024107_1\" class=\"control-label\">E-Mail-Adresse <span aria-hidden=\"true\" role=\"presentation\" class=\"field_required\" style=\"color:#ee0000;\">*<\/span><\/label>\r\n\t<div class=\"\">\r\n\t\t<input placeholder=\"email@example.com\"  required type=\"email\" data-field=\"fld_4024107\" class=\" form-control\" id=\"fld_4024107_1\" name=\"fld_4024107\" value=\"\" data-type=\"email\" aria-required=\"true\"   aria-labelledby=\"fld_4024107Label\" >\t\t\t<\/div>\r\n<\/div>\r\n<\/div><\/div><div id=\"CF60e06b8002dd5_1-row-5\"  class=\"row \"><div  class=\"col-sm-12  single\"><\/div><\/div><div id=\"CF60e06b8002dd5_1-row-6\"  class=\"row \"><div  class=\"col-sm-12  single\"><hr id=\"fld_5471683_1\" class=\"\" style=\"width: 100%\" \/><div data-field-wrapper=\"fld_5607144\" class=\"form-group\" id=\"fld_5607144_1-wrap\">\r\n\t<label class=\"control-label\">&nbsp;<\/label>\n<div class=\"\">\r\n\t<input  class=\"art-button\" type=\"submit\" name=\"fld_5607144\" id=\"fld_5607144_1\" value=\"DATEN ABSENDEN\" data-field=\"fld_5607144\"  >\n<\/div>\r\n<\/div>\r\n\t<input class=\"button_trigger_1\" type=\"hidden\" name=\"fld_5607144\" id=\"fld_5607144_1_btn\" value=\"\" data-field=\"fld_5607144\"  \/>\n<\/div><\/div><div id=\"CF60e06b8002dd5_1-row-7\"  class=\"row  last_row\"><div  class=\"col-sm-12  single\"><\/div><\/div><\/form>\r\n<\/div>\r\n\n<p style=\"text-align: right;\"><span style=\"color: #ffffff;\">_<\/span><\/p>\n<\/blockquote>\n","protected":false},"excerpt":{"rendered":"<p>Expertenprofil mit Empfehlungscode aktivieren &nbsp; &nbsp; F\u00fcr die KOSTENLOSE Aktivierung des Expertenprofils ben\u00f6tigen Sie einen g\u00fcltigen Empfehlungscode* * Diesen Empfehlungscode k\u00f6nnen Sie bei einem f\u00fcr die jeweilige Branche qualifizierten Fachverband anfordern. &nbsp; _ _<\/p>\n","protected":false},"author":2,"featured_media":0,"parent":0,"menu_order":0,"comment_status":"closed","ping_status":"closed","template":"","meta":[],"_links":{"self":[{"href":"https:\/\/experten-liste.de\/start\/wp-json\/wp\/v2\/pages\/258"}],"collection":[{"href":"https:\/\/experten-liste.de\/start\/wp-json\/wp\/v2\/pages"}],"about":[{"href":"https:\/\/experten-liste.de\/start\/wp-json\/wp\/v2\/types\/page"}],"author":[{"embeddable":true,"href":"https:\/\/experten-liste.de\/start\/wp-json\/wp\/v2\/users\/2"}],"replies":[{"embeddable":true,"href":"https:\/\/experten-liste.de\/start\/wp-json\/wp\/v2\/comments?post=258"}],"version-history":[{"count":0,"href":"https:\/\/experten-liste.de\/start\/wp-json\/wp\/v2\/pages\/258\/revisions"}],"wp:attachment":[{"href":"https:\/\/experten-liste.de\/start\/wp-json\/wp\/v2\/media?parent=258"}],"curies":[{"name":"wp","href":"https:\/\/api.w.org\/{rel}","templated":true}]}}