{"id":202,"date":"2021-08-05T15:03:46","date_gmt":"2021-08-05T13:03:46","guid":{"rendered":"https:\/\/experten-liste.de\/start\/?page_id=202"},"modified":"2021-08-05T15:04:54","modified_gmt":"2021-08-05T13:04:54","slug":"luftfahrttechnik","status":"publish","type":"page","link":"https:\/\/experten-liste.de\/start\/luftfahrttechnik\/","title":{"rendered":"LUFTFAHRTTECHNIK"},"content":{"rendered":"<p>&nbsp;<\/p>\n<p><a href=\"https:\/\/experten-liste.de\/luftfahrt\"><img decoding=\"async\" loading=\"lazy\" class=\"aligncenter\" src=\"https:\/\/technik-netzwerk.de\/fileserver-zentrale\/www-experten-liste-de\/fileserver-experten-liste-de\/experten-liste-de-luftfahrttechnik-600px.jpg\" alt=\"\" width=\"600\" height=\"225\"><\/a><\/p>\n<p>&nbsp;<\/p>\n<p>&nbsp;<\/p>\n<p>&nbsp;<\/p>\n<blockquote>\n<p style=\"text-align: center;\">Redaktioneller Hinweis f\u00fcr die n\u00e4chste Ausgabe der EXPERTEN-LISTE&nbsp; <strong>LUFTFAHRTTECHNIK \/ FLUGZEUGBAU<\/strong>:<\/p>\n<p style=\"text-align: center;\">Redaktionsschluss f\u00fcr die Ausgabe 2022 ist am <strong>17. Dezember 2021<\/strong>.<\/p>\n<p style=\"text-align: center;\">NEUE Expertenprofile sowie \u00c4NDERUNGEN an bestehenden Profilen bitte bis diesem Termin eintragen.<\/p>\n<p style=\"text-align: center;\"><strong><a class=\"art-button\" href=\"https:\/\/experten-liste.de\/start\/eintragen\">JETZT eigenes Expertenprofil registrieren bzw. editieren<\/a><\/strong><\/p>\n<\/blockquote>\n<p>&nbsp;<\/p>\n<p>&nbsp;<\/p>\n<p style=\"text-align: left;\"><div class=\" accordion-f59gse style1 magee-shortcode panel-group magee-accordion accordion-simple\" role=\"tablist\" aria-multiselectable=\"no\" id=\"accordion-f59gse\"> <div class=\"panel panel-default \" id=\"panelaccordion-f59gse-1\"><div class=\"panel-heading\" role=\"tab\" id=\"headingcollapseaccordion-f59gse-1\">\r\n\t\t\t\t<a class=\"accordion-toggle \" data-toggle=\"collapse\" data-parent=\"#accordion-f59gse\" href=\"#collapseaccordion-f59gse-1\" aria-expanded=\"true\" aria-controls=\"collapseaccordion-f59gse-1\">\r\n\t\t\t\t\t<h4 class=\"panel-title\">\r\n\t\t\t\t\t\t\tEXPERTEN-LISTE.de ONLINE\r\n\t\t\t\t\t<\/h4>\r\n\t\t\t\t<\/a>\r\n\t\t\t<\/div>\r\n\t\t\t<div id=\"collapseaccordion-f59gse-1\" class=\"panel-collapse collapse in\" role=\"tabpanel\" aria-labelledby=\"headingcollapseaccordion-f59gse-1\" aria-expanded=\"true\">\r\n\t\t\t\t<div class=\"panel-body\">\r\n\t\t\t\t\t\n<p>&nbsp;<\/p>\n<ul style=\"text-align: center;\">\n<li style=\"text-align: left;\"><a class=\"fasc-button fasc-size-large fasc-type-flat ico-fa fasc-ico-before fa-search fasc-style-bold\" style=\"background-color: #ff0000; color: #ffffff;\" href=\"https:\/\/experten-liste.de\/start\/suchen\">Experten&nbsp; SUCHEN<\/a><\/li>\n<\/ul>\n<p style=\"text-align: center;\">&nbsp;<\/p>\n<ul style=\"text-align: center;\">\n<li style=\"text-align: left;\"><a class=\"fasc-button fasc-size-large fasc-type-flat ico-fa fasc-ico-before fa-star fasc-style-bold\" style=\"background-color: #ff0000; color: #ffffff;\" href=\"https:\/\/experten-liste.de\/start\/empfehlen\">Experten&nbsp; EMPFEHLEN<\/a><\/li>\n<\/ul>\n<p style=\"text-align: center;\">&nbsp;<\/p>\n<ul style=\"text-align: center;\">\n<li style=\"text-align: left;\"><a class=\"fasc-button fasc-size-large fasc-type-flat ico-fa fasc-ico-before fa-gear fasc-style-bold\" style=\"background-color: #ff0000; color: #ffffff;\" href=\"https:\/\/experten-liste.de\/start\/eintragen\">Expertenprofil&nbsp; EINTRAGEN<\/a><\/li>\n<\/ul>\n<p>&nbsp;<\/p>\n<p style=\"text-align: left;\">\r\n\t\t\t\t\t<div class=\"clear\"><\/div>\r\n\t\t\t\t<\/div>\r\n\t\t\t<\/div>\r\n\t\t<\/div> <\/div><\/p>\n<p>&nbsp; &nbsp;<\/p>\n<p>&nbsp; &nbsp;<\/p>\n<p>&nbsp;<\/p>\n<p style=\"text-align: left;\"><div class=\" accordion-2x9fpx style1 magee-shortcode panel-group magee-accordion accordion-simple\" role=\"tablist\" aria-multiselectable=\"no\" id=\"accordion-2x9fpx\"> <div class=\"panel panel-default \" id=\"panelaccordion-2x9fpx-1\"><div class=\"panel-heading\" role=\"tab\" id=\"headingcollapseaccordion-2x9fpx-1\">\r\n\t\t\t\t<a class=\"accordion-toggle \" data-toggle=\"collapse\" data-parent=\"#accordion-2x9fpx\" href=\"#collapseaccordion-2x9fpx-1\" aria-expanded=\"true\" aria-controls=\"collapseaccordion-2x9fpx-1\">\r\n\t\t\t\t\t<h4 class=\"panel-title\">\r\n\t\t\t\t\t\t\tEXPERTEN-LISTE.de in Buchform (print version)\r\n\t\t\t\t\t<\/h4>\r\n\t\t\t\t<\/a>\r\n\t\t\t<\/div>\r\n\t\t\t<div id=\"collapseaccordion-2x9fpx-1\" class=\"panel-collapse collapse in\" role=\"tabpanel\" aria-labelledby=\"headingcollapseaccordion-2x9fpx-1\" aria-expanded=\"true\">\r\n\t\t\t\t<div class=\"panel-body\">\r\n\t\t\t\t\t\n<p style=\"text-align: left;\">&nbsp;<\/p>\n<p><a href=\"https:\/\/experten-liste.de\/bahn\"><br \/>\n<\/a><a href=\"https:\/\/experten-liste.de\/luftfahrt\"><img decoding=\"async\" loading=\"lazy\" class=\"aligncenter\" src=\"https:\/\/technik-netzwerk.de\/fileserver-zentrale\/www-experten-liste-de\/fileserver-experten-liste-de\/box-grafik\/box-expertenliste-flugzeuge-600px.jpg\" alt=\"\" width=\"600\" height=\"990\"><\/a><\/p>\n<p>&nbsp;<\/p>\n<p>&nbsp;<\/p>\n\r\n\t\t\t\t\t<div class=\"clear\"><\/div>\r\n\t\t\t\t<\/div>\r\n\t\t\t<\/div>\r\n\t\t<\/div> <\/div><\/p>\n<p>&nbsp;<\/p>\n<p>&nbsp; &nbsp;<\/p>\n<blockquote><p><strong>Die Experten-Liste.de ist das innovative* Online-Verzeichnis von kompetenten Experten aus Deutschland, \u00d6sterreich und der Schweiz, die f\u00fcr ausgew\u00e4hlte Branchen empfohlen wurden.<\/strong><\/p>\n<p>* Die Experten-Liste w\u00e4chst durch qualifizierte Empfehlungen. Wenn ein Experte \/ eine Expertin in die Experten-Liste aufgenommen werden m\u00f6chte, ben\u00f6tigt er \/ sie eine Empfehlung von fachlich relevanten Institutionen (Fachverb\u00e4nde, G\u00fctegemeinschaften, Arbeitskreise) oder hierf\u00fcr geeigneten Personen (Mandatstr\u00e4ger, zertifizierte Branchen-Experten) bzw. valide Referenzen von namhaften TOP-Kunden aus der jeweiligen Branche.<\/p><\/blockquote>\n<p>&nbsp; &nbsp;&nbsp;<\/p>\n<p>&nbsp;<\/p>\n","protected":false},"excerpt":{"rendered":"<p>&nbsp; &nbsp; &nbsp; &nbsp; Redaktioneller Hinweis f\u00fcr die n\u00e4chste Ausgabe der EXPERTEN-LISTE&nbsp; LUFTFAHRTTECHNIK \/ FLUGZEUGBAU: Redaktionsschluss f\u00fcr die Ausgabe 2022 ist am 17. Dezember 2021. NEUE Expertenprofile sowie \u00c4NDERUNGEN an bestehenden Profilen bitte bis diesem Termin eintragen. JETZT eigenes Expertenprofil registrieren bzw. editieren &nbsp; &nbsp; &nbsp; &nbsp; &nbsp; &nbsp; &nbsp; &nbsp; &nbsp; &nbsp; Die Experten-Liste.de [&hellip;]<\/p>\n","protected":false},"author":1,"featured_media":0,"parent":0,"menu_order":0,"comment_status":"closed","ping_status":"closed","template":"","meta":[],"_links":{"self":[{"href":"https:\/\/experten-liste.de\/start\/wp-json\/wp\/v2\/pages\/202"}],"collection":[{"href":"https:\/\/experten-liste.de\/start\/wp-json\/wp\/v2\/pages"}],"about":[{"href":"https:\/\/experten-liste.de\/start\/wp-json\/wp\/v2\/types\/page"}],"author":[{"embeddable":true,"href":"https:\/\/experten-liste.de\/start\/wp-json\/wp\/v2\/users\/1"}],"replies":[{"embeddable":true,"href":"https:\/\/experten-liste.de\/start\/wp-json\/wp\/v2\/comments?post=202"}],"version-history":[{"count":0,"href":"https:\/\/experten-liste.de\/start\/wp-json\/wp\/v2\/pages\/202\/revisions"}],"wp:attachment":[{"href":"https:\/\/experten-liste.de\/start\/wp-json\/wp\/v2\/media?parent=202"}],"curies":[{"name":"wp","href":"https:\/\/api.w.org\/{rel}","templated":true}]}}