{"id":135,"date":"2021-07-24T18:04:15","date_gmt":"2021-07-24T16:04:15","guid":{"rendered":"https:\/\/experten-liste.de\/start\/?page_id=135"},"modified":"2021-08-21T13:14:06","modified_gmt":"2021-08-21T11:14:06","slug":"anfragen","status":"publish","type":"page","link":"https:\/\/experten-liste.de\/start\/anfragen\/","title":{"rendered":"ANFRAGEN"},"content":{"rendered":"<p><a class=\"fasc-button fasc-size-large fasc-type-flat ico-fa fasc-ico-before fa-angle-double-up fasc-style-bold\" style=\"background-color: #c0c0c0; color: #ffffff;\" href=\"https:\/\/Experten-Liste.de\/start\">Experten-Liste.de<\/a><\/p>\n<p style=\"text-align: right;\"><span style=\"color: #ffffff;\">.<\/span><\/p>\n<h2>KONTAKTFORMULAR \/ ANFRAGEN<\/h2>\n<p>&nbsp;<\/p>\n<p><img decoding=\"async\" src=\"https:\/\/technik-netzwerk.de\/fileserver-zentrale\/www-experten-liste-de\/fileserver-experten-liste-de\/4_experten-kontakt-anfragen800px.jpg\"><\/p>\n<p>&nbsp;<\/p>\n<blockquote>\n<p style=\"text-align: right;\">.<\/p>\n<div class=\"caldera-grid\" id=\"caldera_form_1\" data-cf-ver=\"1.9.7\" data-cf-form-id=\"CF60de77cc044e5\"><div id=\"caldera_notices_1\" data-spinner=\"https:\/\/experten-liste.de\/start\/wp-admin\/images\/spinner.gif\"><\/div><form data-instance=\"1\" class=\"CF60de77cc044e5 caldera_forms_form\" method=\"POST\" enctype=\"multipart\/form-data\" id=\"CF60de77cc044e5_1\" data-form-id=\"CF60de77cc044e5\" aria-label=\"Kontaktformular-2021\">\r\n<input type=\"hidden\" id=\"_cf_verify_CF60de77cc044e5\" name=\"_cf_verify\" value=\"1618d08c07\"  data-nonce-time=\"1777134630\" \/><input type=\"hidden\" name=\"_wp_http_referer\" value=\"\/start\/wp-json\/wp\/v2\/pages\/135\" \/><div id=\"cf2-CF60de77cc044e5_1\"><\/div><input type=\"hidden\" name=\"_cf_frm_id\" value=\"CF60de77cc044e5\">\r\n<input type=\"hidden\" name=\"_cf_frm_ct\" value=\"1\">\r\n<input type=\"hidden\" name=\"_cf_cr_pst\" value=\"135\">\r\n<div class=\"hide\" style=\"display:none; overflow:hidden;height:0;width:0;\">\r\n<label>Url<\/label><input type=\"text\" name=\"url\" value=\"\" autocomplete=\"off\">\r\n<\/div><div id=\"CF60de77cc044e5_1-row-1\"  class=\"row  first_row\"><div  class=\"col-sm-12  single\"><div class=\"\"><h3>Wie k\u00f6nnen wir Ihnen weiterhelfen?<\/h3>\n<\/div><div data-field-wrapper=\"fld_4151069\" class=\"form-group\" id=\"fld_4151069_1-wrap\">\r\n\t<label id=\"fld_4151069Label\" for=\"fld_4151069_1\" class=\"control-label\">Ihre Mitteilung bzw. Frage an EXPERTEN-LISTE.de <span aria-hidden=\"true\" role=\"presentation\" class=\"field_required\" style=\"color:#ee0000;\">*<\/span><\/label>\r\n\t<div class=\"\">\r\n\t\t<textarea name=\"fld_4151069\" value=\"Frage zum EIGENEN EINTRAG (EXPERTENPROFIL)\n\nFrage zum Thema Experten EMPFEHLEN\n\nFrage zum Thema Experten SUCHEN\" data-field=\"fld_4151069\" class=\"form-control\" id=\"fld_4151069_1\" rows=\"6\" placeholder=\"Falls Sie eine Mitteilung bzw. Frage haben ... \" default=\"Frage zum EIGENEN EINTRAG (EXPERTENPROFIL)\n\nFrage zum Thema Experten EMPFEHLEN\n\nFrage zum Thema Experten SUCHEN\"  required=\"required\"  aria-labelledby=\"fld_4151069Label\" >Frage zum EIGENEN EINTRAG (EXPERTENPROFIL)\n\nFrage zum Thema Experten EMPFEHLEN\n\nFrage zum Thema Experten SUCHEN<\/textarea>\n\t\t\t<\/div>\r\n<\/div>\r\n<\/div><\/div><div id=\"CF60de77cc044e5_1-row-2\"  class=\"row \"><div  class=\"col-sm-12  single\"><hr id=\"fld_2535567_1\" class=\"\" style=\"width: 100%\" \/><div class=\"\"><h3>Wie k\u00f6nnen wir Sie erreichen?<\/h3>\n<\/div><\/div><\/div><div id=\"CF60de77cc044e5_1-row-3\"  class=\"row \"><div  class=\"col-sm-12  single\"><div data-field-wrapper=\"fld_3808124\" class=\"form-group\" id=\"fld_3808124_1-wrap\">\r\n\t<label id=\"fld_3808124Label\" for=\"fld_3808124_1\" class=\"control-label\">Anrede <span aria-hidden=\"true\" role=\"presentation\" class=\"field_required\" style=\"color:#ee0000;\">*<\/span><\/label>\r\n\t<div class=\"\">\r\n\t\t<select name=\"fld_3808124\" value=\"opt1146939\" data-field=\"fld_3808124\" class=\"form-control\" id=\"fld_3808124_1\"  required=\"required\"  aria-labelledby=\"fld_3808124Label\" >\n\t\t\t\t\t\t\t<option value=\"Herr\" selected=\"selected\" data-calc-value=\"Herr\" >\n\t\t\t\t\t\tHerr\t\t\t\t\t<\/option>\n\t\t\t\t\t\t\t\t\t\t<option value=\"Frau\"  data-calc-value=\"Frau\" >\n\t\t\t\t\t\tFrau\t\t\t\t\t<\/option>\n\t\t\t\t\t\t\t\t\t\t<option value=\"Divers\"  data-calc-value=\"Divers\" >\n\t\t\t\t\t\tDivers\t\t\t\t\t<\/option>\n\t\t\t\t\t\t\t\t\t\t<option value=\"Keine Angabe\"  data-calc-value=\"Keine Angabe\" >\n\t\t\t\t\t\tKeine Angabe\t\t\t\t\t<\/option>\n\t\t\t\t\t\t\t<\/select>\n\t\t\t<\/div>\r\n<\/div>\r\n<div data-field-wrapper=\"fld_8813682\" class=\"form-group\" id=\"fld_8813682_1-wrap\">\r\n\t<label id=\"fld_8813682Label\" for=\"fld_8813682_1\" class=\"control-label\">Vorname <span aria-hidden=\"true\" role=\"presentation\" class=\"field_required\" style=\"color:#ee0000;\">*<\/span><\/label>\r\n\t<div class=\"\">\r\n\t\t<input placeholder=\"Vorname\" data-inputmask=\"'mask': '[a{*}]'\"  required type=\"text\" data-field=\"fld_8813682\" class=\" form-control\" id=\"fld_8813682_1\" name=\"fld_8813682\" value=\"\" data-type=\"text\" aria-required=\"true\"   aria-labelledby=\"fld_8813682Label\" >\t\t\t<\/div>\r\n<\/div>\r\n<div data-field-wrapper=\"fld_6066959\" class=\"form-group\" id=\"fld_6066959_1-wrap\">\r\n\t<label id=\"fld_6066959Label\" for=\"fld_6066959_1\" class=\"control-label\">NACHNAME <span aria-hidden=\"true\" role=\"presentation\" class=\"field_required\" style=\"color:#ee0000;\">*<\/span><\/label>\r\n\t<div class=\"\">\r\n\t\t<input placeholder=\"NACHNAME\" data-inputmask=\"'mask': '[a{*}]'\"  required type=\"text\" data-field=\"fld_6066959\" class=\" form-control\" id=\"fld_6066959_1\" name=\"fld_6066959\" value=\"\" data-type=\"text\" aria-required=\"true\"   aria-labelledby=\"fld_6066959Label\" >\t\t\t<\/div>\r\n<\/div>\r\n<div data-field-wrapper=\"fld_4751061\" class=\"form-group\" id=\"fld_4751061_1-wrap\">\r\n\t<label id=\"fld_4751061Label\" for=\"fld_4751061_1\" class=\"control-label\">Organisation \/ Unternehmen <span aria-hidden=\"true\" role=\"presentation\" class=\"field_required\" style=\"color:#ee0000;\">*<\/span><\/label>\r\n\t<div class=\"\">\r\n\t\t<input placeholder=\"Organisation \/ Unternehmen\" data-inputmask=\"'mask': '[a{*}]'\"  required type=\"text\" data-field=\"fld_4751061\" class=\" form-control\" id=\"fld_4751061_1\" name=\"fld_4751061\" value=\"\" data-type=\"text\" aria-required=\"true\"   aria-labelledby=\"fld_4751061Label\" >\t\t\t<\/div>\r\n<\/div>\r\n<\/div><\/div><div id=\"CF60de77cc044e5_1-row-4\"  class=\"row \"><div  class=\"col-sm-12  single\"><div data-field-wrapper=\"fld_4024107\" class=\"form-group\" id=\"fld_4024107_1-wrap\">\r\n\t<label id=\"fld_4024107Label\" for=\"fld_4024107_1\" class=\"control-label\">E-Mail-Adresse <span aria-hidden=\"true\" role=\"presentation\" class=\"field_required\" style=\"color:#ee0000;\">*<\/span><\/label>\r\n\t<div class=\"\">\r\n\t\t<input placeholder=\"email@example.com\"  required type=\"email\" data-field=\"fld_4024107\" class=\" form-control\" id=\"fld_4024107_1\" name=\"fld_4024107\" value=\"\" data-type=\"email\" aria-required=\"true\"   aria-labelledby=\"fld_4024107Label\" >\t\t\t<\/div>\r\n<\/div>\r\n<div data-field-wrapper=\"fld_8826639\" class=\"form-group\" id=\"fld_8826639_1-wrap\">\r\n\t<label id=\"fld_8826639Label\" for=\"fld_8826639_1\" class=\"control-label\">Telefon<\/label>\r\n\t<div class=\"\">\r\n\t\t<input placeholder=\"Telefon (f\u00fcr R\u00fcckfragen)\"   type=\"text\" data-field=\"fld_8826639\" class=\" form-control\" id=\"fld_8826639_1\" name=\"fld_8826639\" value=\"\" data-type=\"text\"   aria-labelledby=\"fld_8826639Label\" >\t\t\t<\/div>\r\n<\/div>\r\n<\/div><\/div><div id=\"CF60de77cc044e5_1-row-5\"  class=\"row \"><div  class=\"col-sm-12  single\"><\/div><\/div><div id=\"CF60de77cc044e5_1-row-6\"  class=\"row \"><div  class=\"col-sm-12  single\"><hr id=\"fld_5471683_1\" class=\"\" style=\"width: 100%\" \/><div data-field-wrapper=\"fld_705144\" class=\"form-group\" id=\"fld_705144_1-wrap\">\r\n\t<label id=\"fld_705144Label\" for=\"fld_705144_1\" class=\"control-label\">Zustimmung zum DATENSCHUTZ <span aria-hidden=\"true\" role=\"presentation\" class=\"field_required\" style=\"color:#ee0000;\">*<\/span><\/label>\r\n\t<div class=\"\">\r\n\t\t\t\t\t\t\t\t\t\t\t<div class=\"checkbox\">\n\t\t\t\t\n                <label                         for=\"fld_705144_1_opt1161927\"\n                >\n                            <input\n                                data-parsley-required=\"true\" data-parsley-group=\"fld_705144_1\" data-parsley-multiple=\"fld_705144_1\"                                type=\"checkbox\"\n                                data-label=\"Die \u00dcbermittlung und Verarbeitung von personenbezogenen Daten erfolgt gem\u00e4\u00df der &lt;a href=&quot;https:\/\/lieferanten-liste.de\/start\/datenschutzerklaerung\/&quot;&gt;DATENSCHUTZERKL\u00c4RUNG&lt;\/a&gt;, die ich gelesen habe und zu deren Regelungen ich mein EINVERST\u00c4NDNIS erkl\u00e4re. Diese Zustimmung kann jederzeit widerrufen werden. \"\n                                data-field=\"fld_705144\"\n                                id=\"fld_705144_1_opt1161927\"\n                                class=\"fld_705144_1 option-required\"\n                                name=\"fld_705144[opt1161927]\"\n                                value=\"Die \u00dcbermittlung und Verarbeitung von personenbezogenen Daten erfolgt gem\u00e4\u00df der &lt;a href=&quot;https:\/\/lieferanten-liste.de\/start\/datenschutzerklaerung\/&quot;&gt;DATENSCHUTZERKL\u00c4RUNG&lt;\/a&gt;, die ich gelesen habe und zu deren Regelungen ich mein EINVERST\u00c4NDNIS erkl\u00e4re. Diese Zustimmung kann jederzeit widerrufen werden. \"\n                                                                data-type=\"checkbox\"\n                                data-checkbox-field=\"fld_705144_1\"\n                                                                data-calc-value=\"Die \u00dcbermittlung und Verarbeitung von personenbezogenen Daten erfolgt gem\u00e4\u00df der &lt;a href=&quot;https:\/\/lieferanten-liste.de\/start\/datenschutzerklaerung\/&quot;&gt;DATENSCHUTZERKL\u00c4RUNG&lt;\/a&gt;, die ich gelesen habe und zu deren Regelungen ich mein EINVERST\u00c4NDNIS erkl\u00e4re. Diese Zustimmung kann jederzeit widerrufen werden. \"\n                            >\n                    Die \u00dcbermittlung und Verarbeitung von personenbezogenen Daten erfolgt gem\u00e4\u00df der <a href=\"https:\/\/lieferanten-liste.de\/start\/datenschutzerklaerung\/\">DATENSCHUTZERKL\u00c4RUNG<\/a>, die ich gelesen habe und zu deren Regelungen ich mein EINVERST\u00c4NDNIS erkl\u00e4re. Diese Zustimmung kann jederzeit widerrufen werden.                 <\/label>\n\n                \t\t\t\t\t<\/div>\n\t\t\t\t\t\t\t\t\t\t\t<\/div>\r\n<\/div>\r\n<div data-field-wrapper=\"fld_5607144\" class=\"form-group\" id=\"fld_5607144_1-wrap\">\r\n\t<label class=\"control-label\">&nbsp;<\/label>\n<div class=\"\">\r\n\t<input  class=\"art-button\" type=\"submit\" name=\"fld_5607144\" id=\"fld_5607144_1\" value=\"DATEN ABSENDEN\" data-field=\"fld_5607144\"  >\n<\/div>\r\n<\/div>\r\n\t<input class=\"button_trigger_1\" type=\"hidden\" name=\"fld_5607144\" id=\"fld_5607144_1_btn\" value=\"\" data-field=\"fld_5607144\"  \/>\n<\/div><\/div><div id=\"CF60de77cc044e5_1-row-7\"  class=\"row  last_row\"><div  class=\"col-sm-12  single\"><\/div><\/div><\/form>\r\n<\/div>\r\n\n<p style=\"text-align: right;\">.<\/p>\n<\/blockquote>\n<p style=\"text-align: right;\"><span style=\"color: #ffffff;\">.<\/span>#<\/p>\n","protected":false},"excerpt":{"rendered":"<p>Experten-Liste.de . KONTAKTFORMULAR \/ ANFRAGEN &nbsp; &nbsp; . . .#<\/p>\n","protected":false},"author":1,"featured_media":0,"parent":0,"menu_order":0,"comment_status":"closed","ping_status":"closed","template":"","meta":[],"_links":{"self":[{"href":"https:\/\/experten-liste.de\/start\/wp-json\/wp\/v2\/pages\/135"}],"collection":[{"href":"https:\/\/experten-liste.de\/start\/wp-json\/wp\/v2\/pages"}],"about":[{"href":"https:\/\/experten-liste.de\/start\/wp-json\/wp\/v2\/types\/page"}],"author":[{"embeddable":true,"href":"https:\/\/experten-liste.de\/start\/wp-json\/wp\/v2\/users\/1"}],"replies":[{"embeddable":true,"href":"https:\/\/experten-liste.de\/start\/wp-json\/wp\/v2\/comments?post=135"}],"version-history":[{"count":0,"href":"https:\/\/experten-liste.de\/start\/wp-json\/wp\/v2\/pages\/135\/revisions"}],"wp:attachment":[{"href":"https:\/\/experten-liste.de\/start\/wp-json\/wp\/v2\/media?parent=135"}],"curies":[{"name":"wp","href":"https:\/\/api.w.org\/{rel}","templated":true}]}}