{"id":130,"date":"2021-07-24T18:00:04","date_gmt":"2021-07-24T16:00:04","guid":{"rendered":"https:\/\/experten-liste.de\/start\/?page_id=130"},"modified":"2021-08-23T17:19:20","modified_gmt":"2021-08-23T15:19:20","slug":"ansprechpartner","status":"publish","type":"page","link":"https:\/\/experten-liste.de\/start\/ansprechpartner\/","title":{"rendered":"ANSPRECHPARTNER"},"content":{"rendered":"<h2>Gesch\u00e4ftsf\u00fchrer:<\/h2>\n<p>&nbsp;<\/p>\n<p>&nbsp;<\/p>\n<p><a href=\"https:\/\/technik-netzwerk.de\/fileserver-zentrale\/technik-netzwerk\/schulz1200px.jpg\"><img decoding=\"async\" loading=\"lazy\" class=\"lazy-loaded alignnone\" src=\"https:\/\/technik-netzwerk.de\/fileserver-zentrale\/technik-netzwerk\/schulz1200px.jpg\" alt=\"\" data-lazy-type=\"image\" data-src=\"https:\/\/technik-netzwerk.de\/fileserver-zentrale\/technik-netzwerk\/schulz1200px.jpg\" width=\"601\" height=\"649\"><\/a><\/p>\n<p>&nbsp;<\/p>\n<p style=\"padding-left: 80px;\"><strong>Diplom-Volkswirt E. SCHULZ&nbsp;<\/strong><\/p>\n<p style=\"padding-left: 80px;\">* Gesch\u00e4ftsf\u00fchrer \/ Managing Director<\/p>\n<p style=\"padding-left: 80px;\">* Interdisziplin\u00e4rer Forschungsverbund Bahntechnik e.V. (Vereinsgesch\u00e4ftsf\u00fchrer)<\/p>\n<p style=\"padding-left: 80px;\">* IFV Beratung und Service GmbH (CEO)<\/p>\n<p style=\"padding-left: 80px;\">* Kompetenznetz-Manager sowie Arbeitskreis-Koordinator<\/p>\n<p style=\"padding-left: 80px;\">* Zust\u00e4ndig f\u00fcr &gt;&gt;&gt;&nbsp;<em><strong>Allgemeine Anfragen zum Bahntechnik-Netzwerk &amp; Inhaltliche Koordination (insbesondere von Arbeitskreisen, Thinktanks sowie von Forschungsprojekten)<\/strong><\/em><\/p>\n<p style=\"padding-left: 80px;\">* Herausgeber der Schriftenreihe BAHNTECHNIK AKTUELL<\/p>\n<p style=\"padding-left: 80px;\">* Telefon der Vereinsgesch\u00e4ftsstelle \/ Zentralsekretariat : <strong>030 39720171<\/strong><\/p>\n<p style=\"padding-left: 80px;\">* B\u00fcro Berlin: 030 81898731<\/p>\n<p style=\"padding-left: 80px;\">* B\u00fcro Rhein-Main: 06135 3127<\/p>\n<p style=\"padding-left: 80px;\">* B\u00fcro N\u00fcrnberg: 0911 209112<\/p>\n<p style=\"padding-left: 80px;\">* Mobilfon &gt;&gt;&gt; <a class=\"fasc-button fasc-size-large fasc-type-glossy fasc-rounded-medium ico-fa fasc-ico-after fa-phone-square fasc-style-bold\" style=\"background-color: #afafaf; color: #000000;\" target=\"_blank\" rel=\"noopener\" href=\"+4917670094803\">0176 70094803<\/a><\/p>\n<p style=\"padding-left: 80px;\">* WhatsApp &gt;&gt;&gt; &nbsp; <a class=\"fasc-button fasc-size-large fasc-type-glossy fasc-rounded-medium ico-fa fasc-ico-after fa-check-square fasc-style-bold\" style=\"background-color: #5cde24; color: #ffffff;\" href=\"https:\/\/web.whatsapp.com\/send?phone=+4917670094803&amp;text=\">WhatsApp<\/a><\/p>\n<p style=\"padding-left: 80px;\">* E-Mail &gt;&gt;&gt; &nbsp; <a class=\"fasc-button fasc-size-large fasc-type-glossy fasc-rounded-medium ico-fa fasc-ico-after fa-envelope fasc-style-bold\" style=\"background-color: #ff0000; color: #ffffff;\" target=\"_blank\" rel=\"noopener\" href=\"mailto:schulz@ifv-bahntechnik.de\">schulz@ifv-bahntechnik.de<\/a>&nbsp;<\/p>\n<p style=\"padding-left: 80px;\">* Online-Videokonferenz &gt;&gt;&gt; <a class=\"fasc-button fasc-size-large fasc-type-glossy fasc-rounded-medium fasc-ico-after dashicons-desktop fasc-style-bold\" style=\"background-color: #efefef; color: #ff0000;\">Online-Konferenzraum.de\/raum-nummer-123-schulz&nbsp;<\/a>&nbsp;<\/p>\n<p style=\"padding-left: 80px; text-align: left;\">* <a href=\"https:\/\/start.online-konferenzraum.de\/raum-nummer-123-schulz\" target=\"_blank\" rel=\"noopener\"><img decoding=\"async\" loading=\"lazy\" src=\"https:\/\/technik-netzwerk.de\/fileserver-zentrale\/www-experten-liste-de\/fileserver-experten-liste-de\/profilfotos\/schulz-eckhard\/schulz-eckhard-videokonferenz600px.jpg\" alt=\"\" width=\"600\" height=\"641\"><\/a><\/p>\n<p style=\"text-align: right;\">.<\/p>\n<p>&nbsp;<\/p>\n<p style=\"text-align: right;\"><span style=\"color: #ffffff;\">.<\/span><\/p>\n<hr>\n<p style=\"text-align: right;\"><span style=\"color: #ffffff;\">.<\/span><\/p>\n<p>&nbsp;<\/p>\n<div class=\"insert-page insert-page-96 \" data-post-id=\"96\">\n<div class=\"art-postcontent clearfix\">\n<div class=\"art-postcontent clearfix\">\n<div class=\"art-postcontent clearfix\">\n<div class=\"art-postcontent clearfix\">\n<h2>Content- &amp; Event-Management:<\/h2>\n<p>&nbsp;<\/p>\n<p><img decoding=\"async\" class=\"lazy-loaded aligncenter\" src=\"https:\/\/technik-netzwerk.de\/fileserver-zentrale\/technik-netzwerk\/heyer600px.jpg\" data-lazy-type=\"image\" data-src=\"https:\/\/technik-netzwerk.de\/fileserver-zentrale\/technik-netzwerk\/heyer600px.jpg\"><\/p>\n<p style=\"padding-left: 80px;\"><strong>Frau<\/strong>&nbsp;<strong>J. HEYER<\/strong><\/p>\n<p style=\"padding-left: 80px;\">* Gepr\u00fcfte Veranstaltungsfachwirtin \/ Bachelor Professional of Event Organisation, CCI<\/p>\n<p style=\"padding-left: 80px;\">* Gesch\u00e4ftsbereichsleiterin f\u00fcr Tagungen &amp; Events (Head of Event-Management)<\/p>\n<p style=\"padding-left: 80px;\">* Projektmanagerin f\u00fcr Digitale Events (seit 06\/2020)<\/p>\n<p style=\"padding-left: 80px;\">* Hygienebeauftragte f\u00fcr die Veranstaltungswirtschaft (seit 05\/2021)<\/p>\n<p style=\"padding-left: 80px;\">* Kooperationsmanagement IFV Beratung und Service GmbH \u2013 Bahntechnik-Netzwerk.de sowie Technik-Netzwerk.de<\/p>\n<p style=\"padding-left: 80px;\">* Zust\u00e4ndig f\u00fcr <strong><em>Veranstaltungsorganisation,&nbsp;<\/em><\/strong><em><strong>Teilnehmer, Lieferanten, Dienstleister, Sponsoren und Aussteller <\/strong><\/em><\/p>\n<p style=\"padding-left: 80px;\">* Telefon:&nbsp;<strong>030 39720172<\/strong><\/p>\n<p style=\"padding-left: 80px;\">* E-Mail: <strong><a href=\"mailto:tagung@zentralsekretariat.de\">tagung@zentralsekretariat.de<\/a> <\/strong><\/p>\n<p>&nbsp;<\/p>\n<p>&nbsp;<\/p>\n<\/div>\n<\/div>\n<\/div>\n<\/div>\n<\/div>\n","protected":false},"excerpt":{"rendered":"<p>Gesch\u00e4ftsf\u00fchrer: &nbsp; &nbsp; &nbsp; Diplom-Volkswirt E. SCHULZ&nbsp; * Gesch\u00e4ftsf\u00fchrer \/ Managing Director * Interdisziplin\u00e4rer Forschungsverbund Bahntechnik e.V. (Vereinsgesch\u00e4ftsf\u00fchrer) * IFV Beratung und Service GmbH (CEO) * Kompetenznetz-Manager sowie Arbeitskreis-Koordinator * Zust\u00e4ndig f\u00fcr &gt;&gt;&gt;&nbsp;Allgemeine Anfragen zum Bahntechnik-Netzwerk &amp; Inhaltliche Koordination (insbesondere von Arbeitskreisen, Thinktanks sowie von Forschungsprojekten) * Herausgeber der Schriftenreihe BAHNTECHNIK AKTUELL * Telefon der [&hellip;]<\/p>\n","protected":false},"author":1,"featured_media":0,"parent":0,"menu_order":0,"comment_status":"closed","ping_status":"closed","template":"","meta":[],"_links":{"self":[{"href":"https:\/\/experten-liste.de\/start\/wp-json\/wp\/v2\/pages\/130"}],"collection":[{"href":"https:\/\/experten-liste.de\/start\/wp-json\/wp\/v2\/pages"}],"about":[{"href":"https:\/\/experten-liste.de\/start\/wp-json\/wp\/v2\/types\/page"}],"author":[{"embeddable":true,"href":"https:\/\/experten-liste.de\/start\/wp-json\/wp\/v2\/users\/1"}],"replies":[{"embeddable":true,"href":"https:\/\/experten-liste.de\/start\/wp-json\/wp\/v2\/comments?post=130"}],"version-history":[{"count":0,"href":"https:\/\/experten-liste.de\/start\/wp-json\/wp\/v2\/pages\/130\/revisions"}],"wp:attachment":[{"href":"https:\/\/experten-liste.de\/start\/wp-json\/wp\/v2\/media?parent=130"}],"curies":[{"name":"wp","href":"https:\/\/api.w.org\/{rel}","templated":true}]}}